{"id":1175,"date":"2024-07-17T12:36:28","date_gmt":"2024-07-17T10:36:28","guid":{"rendered":"https:\/\/theundietplan.fit\/?page_id=1175"},"modified":"2025-10-15T16:43:05","modified_gmt":"2025-10-15T14:43:05","slug":"a-table-avec-the-undiet-plan","status":"publish","type":"page","link":"https:\/\/theundietplan.fit\/fr\/a-table-avec-the-undiet-plan\/","title":{"rendered":"\u00c0 table avec The Undiet Plan"},"content":{"rendered":"<p>[et_pb_section fb_built=\u00a0\u00bb1&Prime; _builder_version=\u00a0\u00bb4.25.1&Prime; _module_preset=\u00a0\u00bbdefault\u00a0\u00bb background_color=\u00a0\u00bb#fff9f0&Prime; global_module=\u00a0\u00bb1180&Prime; saved_tabs=\u00a0\u00bball\u00a0\u00bb locked=\u00a0\u00bboff\u00a0\u00bb global_colors_info=\u00a0\u00bb{}\u00a0\u00bb][et_pb_row column_structure=\u00a0\u00bb1_2,1_2&Prime; _builder_version=\u00a0\u00bb4.25.1&Prime; _module_preset=\u00a0\u00bbdefault\u00a0\u00bb global_colors_info=\u00a0\u00bb{}\u00a0\u00bb][et_pb_column type=\u00a0\u00bb1_2&Prime; _builder_version=\u00a0\u00bb4.25.1&Prime; _module_preset=\u00a0\u00bbdefault\u00a0\u00bb global_colors_info=\u00a0\u00bb{}\u00a0\u00bb][et_pb_image src=\u00a0\u00bbhttp:\/\/theundietplan.fit\/wp-content\/uploads\/2024\/07\/A-table-The-Undiet-Plan-Cookbook.jpg\u00a0\u00bb title_text=\u00a0\u00bbA-table-The-Undiet-Plan-Cookbook\u00a0\u00bb _builder_version=\u00a0\u00bb4.25.1&Prime; _module_preset=\u00a0\u00bbdefault\u00a0\u00bb border_width_all=\u00a0\u00bb2px\u00a0\u00bb border_color_all=\u00a0\u00bb#FFFFFF\u00a0\u00bb global_colors_info=\u00a0\u00bb{}\u00a0\u00bb][\/et_pb_image][\/et_pb_column][et_pb_column type=\u00a0\u00bb1_2&Prime; _builder_version=\u00a0\u00bb4.25.1&Prime; _module_preset=\u00a0\u00bbdefault\u00a0\u00bb global_colors_info=\u00a0\u00bb{}\u00a0\u00bb][et_pb_text _builder_version=\u00a0\u00bb4.25.1&Prime; _module_preset=\u00a0\u00bbdefault\u00a0\u00bb text_font=\u00a0\u00bbCormorant Garamond||||||||\u00a0\u00bb header_2_font=\u00a0\u00bbCormorant Garamond||||||||\u00a0\u00bb header_2_text_color=\u00a0\u00bb#000000&Prime; header_2_font_size=\u00a0\u00bb40px\u00a0\u00bb custom_padding=\u00a0\u00bb0px|||||\u00a0\u00bb header_2_font_size_tablet=\u00a0\u00bb\u00a0\u00bb header_2_font_size_phone=\u00a0\u00bb25px\u00a0\u00bb header_2_font_size_last_edited=\u00a0\u00bbon|desktop\u00a0\u00bb global_colors_info=\u00a0\u00bb{}\u00a0\u00bb]<\/p>\n<h2>\u00c0 table avec The Undiet Plan<\/h2>\n<p>[\/et_pb_text][et_pb_text _builder_version=\u00a0\u00bb4.25.1&Prime; _module_preset=\u00a0\u00bbdefault\u00a0\u00bb text_font=\u00a0\u00bbCormorant Garamond||||||||\u00a0\u00bb text_text_color=\u00a0\u00bb#000000&Prime; text_font_size=\u00a0\u00bb20px\u00a0\u00bb custom_padding=\u00a0\u00bb|||0px||\u00a0\u00bb global_colors_info=\u00a0\u00bb{}\u00a0\u00bb]<\/p>\n<p>Voici enfin le tr\u00e8s attendu livre de recettes estivales The Undiet Plan !<\/p>\n<p>Notre ebook regorge de recettes ultra gourmandes pour vous aider \u00e0 mincir, ou \u00e0 maintenir votre ligne :<\/p>\n<ul>\n<li>8 ap\u00e9ros conviviaux et faciles \u00e0 pr\u00e9parer<\/li>\n<li>5 drinks frais et fruit\u00e9s<\/li>\n<li>8 entr\u00e9es savoureuses et faciles \u00e0 pr\u00e9parer<\/li>\n<li>14 plats pour les repas en famille, ou festifs<\/li>\n<li>8 desserts minceur ultra gourmands<\/li>\n<li>7 pains Undiet pour accompagner vos repas et votre ligne<\/li>\n<\/ul>\n<p><strong>BONUS :<\/strong> le tableau didactique des valeurs nutritionnelles de vos aliments pr\u00e9f\u00e9r\u00e9s, pour savoir exactement comment \u00e9viter la prise de poids !<\/p>\n<p><strong>Notre objectif :<\/strong> vous aider \u00e0 ne plus \u00eatre en contr\u00f4le de votre poids. Mais en ma\u00eetrise de votre alimentation.<\/p>\n<p>Alors r\u00e9galez-vous avec ces recettes qui pr\u00f4nent la nutrition consciente, mais toujours savoureuse !<\/p>\n<p>[\/et_pb_text][et_pb_text _builder_version=\u00a0\u00bb4.25.1&Prime; _module_preset=\u00a0\u00bbdefault\u00a0\u00bb text_font=\u00a0\u00bbCormorant Garamond||||||||\u00a0\u00bb header_2_font=\u00a0\u00bb||||||||\u00a0\u00bb header_2_text_color=\u00a0\u00bb#000000&Prime; header_2_font_size=\u00a0\u00bb40px\u00a0\u00bb custom_padding=\u00a0\u00bb0px|||||\u00a0\u00bb header_2_font_size_tablet=\u00a0\u00bb\u00a0\u00bb header_2_font_size_phone=\u00a0\u00bb25px\u00a0\u00bb header_2_font_size_last_edited=\u00a0\u00bbon|desktop\u00a0\u00bb global_colors_info=\u00a0\u00bb{}\u00a0\u00bb]<\/p>\n<h2>29.90 <span>\u20ac\/<\/span>CHF<\/h2>\n<p>[\/et_pb_text][et_pb_button button_url=\u00a0\u00bbhttps:\/\/theundietplan.fit\/fr\/a-table-avec-the-undiet-plan\/#ebook_payment\u00a0\u00bb button_text=\u00a0\u00bbAcheter maintenant\u00a0\u00bb _builder_version=\u00a0\u00bb4.27.0&Prime; _module_preset=\u00a0\u00bbdefault\u00a0\u00bb global_colors_info=\u00a0\u00bb{}\u00a0\u00bb][\/et_pb_button][\/et_pb_column][\/et_pb_row][et_pb_row _builder_version=\u00a0\u00bb4.27.0&Prime; _module_preset=\u00a0\u00bbdefault\u00a0\u00bb global_colors_info=\u00a0\u00bb{}\u00a0\u00bb][et_pb_column type=\u00a0\u00bb4_4&Prime; _builder_version=\u00a0\u00bb4.27.0&Prime; _module_preset=\u00a0\u00bbdefault\u00a0\u00bb global_colors_info=\u00a0\u00bb{}\u00a0\u00bb][et_pb_text _builder_version=\u00a0\u00bb4.27.0&Prime; _module_preset=\u00a0\u00bbdefault\u00a0\u00bb global_colors_info=\u00a0\u00bb{}\u00a0\u00bb]<\/p>\n<ul>\n<li><em><strong>Le paiement se fait par interface s\u00e9curis\u00e9e<\/strong>, sur notre site. <\/em><\/li>\n<li><em>Quelques minutes apr\u00e8s votre achat, <strong>vous recevrez un email de confirmation d\u2019achat contenant le lien vers votre ebook<\/strong> \u00ab\u00a0\u00c0 table avec The Undiet Plan\u00a0\u00bb.<\/em><\/li>\n<li><em>Pour toute question concernant votre achat ou The Undiet Plan, nos coachs sont \u00e0 votre \u00e9coute \u00e0 <a href=\"mailto:hello@theundietplan.fit\">hello@theundietplan.fit<\/a>.<\/em><\/li>\n<\/ul>\n<p>[\/et_pb_text][\/et_pb_column][\/et_pb_row][\/et_pb_section][et_pb_section fb_built=\u00a0\u00bb1&Prime; module_id=\u00a0\u00bbebook_payment\u00a0\u00bb _builder_version=\u00a0\u00bb4.27.0&Prime; _module_preset=\u00a0\u00bbdefault\u00a0\u00bb global_colors_info=\u00a0\u00bb{}\u00a0\u00bb][et_pb_row _builder_version=\u00a0\u00bb4.25.1&Prime; _module_preset=\u00a0\u00bbdefault\u00a0\u00bb global_colors_info=\u00a0\u00bb{}\u00a0\u00bb][et_pb_column type=\u00a0\u00bb4_4&Prime; _builder_version=\u00a0\u00bb4.25.1&Prime; _module_preset=\u00a0\u00bbdefault\u00a0\u00bb global_colors_info=\u00a0\u00bb{}\u00a0\u00bb][et_pb_text _builder_version=\u00a0\u00bb4.25.1&Prime; _module_preset=\u00a0\u00bbdefault\u00a0\u00bb global_colors_info=\u00a0\u00bb{}\u00a0\u00bb]<\/p>\n<div id=\"simpay-embedded-form-wrap-1158\" data-id=\"simpay-form-1158-wrap\" class=\"simpay-form-wrap simpay-embedded-form-wrap\"><div class=\"simpay-embedded-heading simpay-styled\"><h3 class=\"simpay-form-title\">\u00c0 table avec The Undiet Plan<\/h3><p class=\"simpay-form-description\">Le livre de recettes estivales The Undiet Plan !<\/p><\/div><form action=\"\" method=\"post\" class=\"simpay-checkout-form simpay-form-1158 simpay-styled simpay-checkout-form--embedded\" id=\"simpay-form-1158\" data-simpay-form-id=\"1158\" >\n\t\t<div class=\"simpay-form-control simpay-name-container simpay-customer-name-container\">\n\t\t\t\n\t\t<div class=\"simpay-customer_name-label simpay-label-wrap\">\n\t\t\t<label for=\"simpay-form-1158-field-7\" class=\"\">\n\t\t\t\tFull Name\t\t\t\t\t\t\t<\/label>\n\t\t<\/div>\n\n\t\t\t\t\t<div class=\"simpay-customer-name-wrap simpay-field-wrap\">\n\t\t\t\t<input\n\t\t\t\t\ttype=\"text\"\n\t\t\t\t\tname=\"simpay_customer_name\"\n\t\t\t\t\tid=\"simpay-form-1158-field-7\"\n\t\t\t\t\tclass=\"simpay-customer-name\"\n\t\t\t\t\tvalue=\"\"\n\t\t\t\t\tplaceholder=\"\"\n\t\t\t\t\t\t\t\t\t\t\trequired\n\t\t\t\t\t\t\t\t\t\/>\n\t\t\t<\/div>\n\t\t<\/div>\n\n\t\t\n\t\t\n\t\t<fieldset class=\"simpay-form-control simpay-address-container simpay-address-container-upe simpay-billing-address-container\">\n\t\t\t\t\t\t<legend class=\"simpay-address-billing-container-label simpay-label-wrap\">\n\t\t\t\tAdresse de facturation\t\t\t<\/legend>\n\t\t\t\n\t\t\t\t\t\t<div\n\t\t\t\tclass=\"simpay-address-element\"\n\t\t\t\tdata-allowed-countries='[]'\n\t\t\t\tdata-default-line1=\"\"\n\t\t\t\tdata-default-line2=\"\"\n\t\t\t\tdata-default-city=\"\"\n\t\t\t\tdata-default-state=\"\"\n\t\t\t\tdata-default-postal-code=\"\"\n\t\t\t\tdata-default-country=\"\"\n\t\t\t><\/div>\n\t\t\t\t<\/fieldset>\n\n\t\t\n\t\t<div class=\"simpay-address-error simpay-errors\" aria-live=\"assertive\" aria-relevant=\"additions text\" aria-atomic=\"true\"><\/div>\n\n\t\t\n\t\t<div class=\"simpay-form-control simpay-telephone-container\">\n\t\t\t\n\t\t<div class=\"simpay-telephone-label simpay-label-wrap\">\n\t\t\t<label for=\"simpay-form-1158-field-6\" class=\"\">\n\t\t\t\tT\u00e9l\u00e9phone\t\t\t\t\t\t\t<\/label>\n\t\t<\/div>\n\n\t\t\t\t\t<div class=\"simpay-telephone-wrap simpay-telephone-field simpay-field-wrap\">\n\t\t\t\t<input\n\t\t\t\t\ttype=\"tel\"\n\t\t\t\t\t\t\t\t\t\t\tname=\"simpay_telephone_intl\"\n\t\t\t\t\t\t\t\t\t\tid=\"simpay-form-1158-field-6\"\n\t\t\t\t\tclass=\"simpay-telephone\"\n\t\t\t\t\tvalue=\"\"\n\t\t\t\t\tplaceholder=\"\"\n\t\t\t\t\t\t\t\t\t\t\trequired\n\t\t\t\t\t\t\t\t\t\/>\n\t\t\t<\/div>\n\t\t<\/div>\n\n\t\t\t\t\t<div class=\"simpay-phone-error simpay-errors\" aria-live=\"assertive\" aria-relevant=\"additions text\" aria-atomic=\"true\"><\/div>\n\t\t\t\n\t\t\t\t\t<div class=\"simpay-form-control simpay-email-container\">\n\t\t\t\t\n\t\t<div class=\"simpay-email-label simpay-label-wrap\">\n\t\t\t<label for=\"simpay-form-1158-field-2\" class=\"\">\n\t\t\t\tAdresse email\t\t\t\t\t\t\t<\/label>\n\t\t<\/div>\n\n\t\t\t\t\t\t<div class=\"simpay-email-wrap simpay-field-wrap\">\n\t\t\t\t\t<input\n\t\t\t\t\t\ttype=\"email\"\n\t\t\t\t\t\tname=\"simpay_email\"\n\t\t\t\t\t\tid=\"simpay-form-1158-field-2\"\n\t\t\t\t\t\tclass=\"simpay-email\"\n\t\t\t\t\t\tvalue=\"\"\n\t\t\t\t\t\tplaceholder=\"Merci d&#039;entrer une adresse email valide.\"\n\t\t\t\t\t\trequired\n\t\t\t\t\t\/>\n\t\t\t\t<\/div>\n\t\t\t<\/div>\n\t\t\n\t\t\n\t\t<div class=\"simpay-form-control simpay-checkbox-container\">\n\t\t\t<div class=\"simpay-checkbox-label simpay-label-wrap\">\n\t\t\t\t<div class=\"simpay-checkbox-wrap simpay-field-wrap\">\n\t\t\t\t\t<input\n\t\t\t\t\t\ttype=\"checkbox\"\n\t\t\t\t\t\tname=\"simpay_field[simpay-form-1158-field-8]\"\n\t\t\t\t\t\tclass=\"simpay-checkbox\"\n\t\t\t\t\t\tid=\"simpay-form-1158-field-8\"\n\t\t\t\t\t\t\t\t\t\t\t\t\t\t\t\t\t\/>\n\t\t\t\t\t\n\t\t<div class=\"simpay-checkbox-label simpay-label-wrap\">\n\t\t\t<label for=\"simpay-form-1158-field-8\" class=\"\">\n\t\t\t\tJe souhaite m'inscrire \u00e0 la newsletter The Undiet Plan\t\t\t\t<span class=\"simpay-optional-indicator\">(optionnel)<\/span>\t\t\t<\/label>\n\t\t<\/div>\n\n\t\t\t\t\t\t<\/div>\n\t\t\t<\/div>\n\t\t<\/div>\n\n\t\t\n        <div class=\"simpay-form-control simpay-form-control--card simpay-card-container\"\n             data-payment-method-display-type=\"tabs\"\n             data-visible-accordion-items=\"5\"\n             data-default-collapsed=\"false\">\n                        \n\t\t<div\n\t\t\tid=\"simpay-upe-element-simpay-form-1158-field-3\"\n\t\t\tclass=\"simpay-upe-wrap simpay-field-wrap\"\n\t\t>\n\t\t<\/div>\n\n\t\t\t        <\/div>\n\n\n\t\t<div class=\"simpay-payment-method-error simpay-errors\" aria-live=\"assertive\" aria-relevant=\"additions text\" aria-atomic=\"true\"><\/div>\n\n\t\t\n\t\t<fieldset\n\t\t\tclass=\"simpay-form-control simpay-plan-select-container\"\n\t\t\tdata-display-type=\"radio\"\n\t\t\tstyle=\"display: block\"\n\t\t>\n\t\t\t<div class=\"simpay-plan_select-label simpay-label-wrap\">\n\t\t\t\t<legend class=\"\">\n\t\t\t\t\tOptions de prix\t\t\t\t<\/legend>\n\t\t\t<\/div>\n\n\t\t\t<div class=\"simpay-plan-wrapper simpay-field-wrap simpay-dropdown-wrap\">\n\t\t\t\t<ul class=\"simpay-multi-plan-radio-group\">\n\t\t\t\t\t\t\t\t\t<li class=\"simpay-price-selection-label\">\n\t\t\t\t\t\t\t\t\t\t\t\t\t<label for=\"price_1PdwbH2MTmnJmuS8qZeN4NwA-instance-972\">\n\t\t\t\t\t\t\t<input\n\t\t\t\t\t\t\t\ttype=\"radio\"\n\t\t\t\t\t\t\t\t\n\t\t\tid=\"price_1PdwbH2MTmnJmuS8qZeN4NwA-instance-972\"\n\t\t\tclass=\"simpay-multi-sub simpay-price-option-price_1PdwbH2MTmnJmuS8qZeN4NwA\"\n\t\t\tdata-price='{\"instance_id\":\"df9f388f-c3cc-4fd7-a4bc-3e56ebb1d4a6\",\"product_id\":\"prod_QUwU97TzkRArpN\",\"id\":\"price_1PdwbH2MTmnJmuS8qZeN4NwA\",\"default\":true,\"required\":false,\"label\":\"29,90 CHF\",\"currency\":\"chf\",\"currency_symbol\":\"&#67;&#72;&#70;\",\"is_zero_decimal\":false,\"unit_amount\":2990,\"unit_amount_min\":null,\"unit_amount_max\":null,\"can_recur\":false,\"can_recur_selected_by_default\":false,\"recurring\":null,\"line_items\":null,\"quantity_toggle\":null,\"quantity_label\":null,\"quantity_minimum\":null,\"quantity_maximum\":null,\"recurring_amount_toggle_label\":null,\"__unstable_unsaved\":null,\"generated_label\":\"29,90 &#67;&#72;&#70;\",\"simplified_label\":\"29,90 CHF\",\"currency_min_amount\":100}'\n\t\t\tname=\"simpay_price\"\n\t\t\t checked='checked'\n\t\t\t\n\t\t\t\n\t\t\tvalue=\"price_1PdwbH2MTmnJmuS8qZeN4NwA\"\n\t\t\tdata-plan-id=\"price_1PdwbH2MTmnJmuS8qZeN4NwA\"\n\t\t\tdata-plan-amount=\"29.9\"\n\t\t\t\n\t\t\t\t\t\t\t\t\t\t\/>\n\t\t\t\t\t\t\t29,90 CHF\t\t\t\t\t\t<\/label>\n\t\t\t\t\t\t\t\t\t\t\t<\/li>\n\t\t\t\t\t\t\t\t\t<li class=\"simpay-price-selection-label\">\n\t\t\t\t\t\t\t\t\t\t\t\t\t<label for=\"price_1PdwbH2MTmnJmuS85zVzhKn5-instance-648\">\n\t\t\t\t\t\t\t<input\n\t\t\t\t\t\t\t\ttype=\"radio\"\n\t\t\t\t\t\t\t\t\n\t\t\tid=\"price_1PdwbH2MTmnJmuS85zVzhKn5-instance-648\"\n\t\t\tclass=\"simpay-multi-sub simpay-price-option-price_1PdwbH2MTmnJmuS85zVzhKn5\"\n\t\t\tdata-price='{\"instance_id\":\"9907a28f-5cf2-4b29-af95-bae69f340452\",\"product_id\":\"prod_QUwU97TzkRArpN\",\"id\":\"price_1PdwbH2MTmnJmuS85zVzhKn5\",\"default\":false,\"required\":false,\"label\":\"29,90 \\u20ac\",\"currency\":\"eur\",\"currency_symbol\":\"&euro;\",\"is_zero_decimal\":false,\"unit_amount\":2990,\"unit_amount_min\":null,\"unit_amount_max\":null,\"can_recur\":false,\"can_recur_selected_by_default\":false,\"recurring\":null,\"line_items\":null,\"quantity_toggle\":null,\"quantity_label\":null,\"quantity_minimum\":null,\"quantity_maximum\":null,\"recurring_amount_toggle_label\":null,\"__unstable_unsaved\":null,\"generated_label\":\"29,90 &euro;\",\"simplified_label\":\"29,90 \\u20ac\",\"currency_min_amount\":100}'\n\t\t\tname=\"simpay_price\"\n\t\t\t\n\t\t\t\n\t\t\t\n\t\t\tvalue=\"price_1PdwbH2MTmnJmuS85zVzhKn5\"\n\t\t\tdata-plan-id=\"price_1PdwbH2MTmnJmuS85zVzhKn5\"\n\t\t\tdata-plan-amount=\"29.9\"\n\t\t\t\n\t\t\t\t\t\t\t\t\t\t\/>\n\t\t\t\t\t\t\t29,90 \u20ac\t\t\t\t\t\t<\/label>\n\t\t\t\t\t\t\t\t\t\t\t<\/li>\n\t\t\t\t\t\t\t\t<\/ul>\n\t\t\t<\/div>\n\t\t<\/fieldset>\n\n\t\t\n\t\t<div class=\"simpay-form-control simpay-checkbox-container\">\n\t\t\t<div class=\"simpay-checkbox-label simpay-label-wrap\">\n\t\t\t\t<div class=\"simpay-checkbox-wrap simpay-field-wrap\">\n\t\t\t\t\t<input\n\t\t\t\t\t\ttype=\"checkbox\"\n\t\t\t\t\t\tname=\"simpay_field[simpay-form-1158-field-9]\"\n\t\t\t\t\t\tclass=\"simpay-checkbox\"\n\t\t\t\t\t\tid=\"simpay-form-1158-field-9\"\n\t\t\t\t\t\t\t\t\t\t\t\t\trequired\n\t\t\t\t\t\t\t\t\t\t\t\t\t\t\t\t\t\/>\n\t\t\t\t\t\n\t\t<div class=\"simpay-checkbox-label simpay-label-wrap\">\n\t\t\t<label for=\"simpay-form-1158-field-9\" class=\"\">\n\t\t\t\tJ'ai lu les <a href=\"https:\/\/theundietplan.fit\/fr\/conditions-generales-de-vente\" target=\"_blank\"\/>conditions g\u00e9n\u00e9rales de vente<\/a> et j'y adh\u00e8re sans r\u00e9serve\t\t\t\t\t\t\t<\/label>\n\t\t<\/div>\n\n\t\t\t\t\t\t<\/div>\n\t\t\t<\/div>\n\t\t<\/div>\n\n\t\t\n\t\t<div\n\t\t\tclass=\"simpay-form-control simpay-checkout-btn-container\"\n\t\t>\n\t\t\t<button\n\t\t\t\tid=\"simpay-form-1158-field-4\"\n\t\t\t\tclass=\"simpay-btn simpay-checkout-btn\"\n\t\t\t\ttype=\"submit\"\n\t\t\t\tdisabled\n\t\t\t>\n\t\t\t\t<span>\n\t\t\t\t\tVeuillez patienter...\t\t\t\t<\/span>\n\t\t\t<\/button>\n\t\t<\/div>\n\t\t<div class=\"simpay-generic-error simpay-errors\" id=\"simpay-form-1158-error\" aria-live=\"assertive\" aria-relevant=\"additions text\" aria-atomic=\"true\"><\/div><input type=\"hidden\" name=\"simpay_form_id\" value=\"1158\" \/><input type=\"hidden\" name=\"simpay_amount\" value=\"\" class=\"simpay-amount\" \/><input type=\"hidden\" name=\"simpay_tax_amount\" value=\"\" class=\"simpay-tax-amount\" \/><input type=\"hidden\" id=\"_wpnonce\" name=\"_wpnonce\" value=\"41b531172c\" \/><input type=\"hidden\" name=\"_wp_http_referer\" value=\"\/fr\/wp-json\/wp\/v2\/pages\/1175\" \/><\/form><\/div>\n<p>[\/et_pb_text][\/et_pb_column][\/et_pb_row][\/et_pb_section][et_pb_section fb_built=\u00a0\u00bb1&Prime; inner_shadow=\u00a0\u00bbon\u00a0\u00bb _builder_version=\u00a0\u00bb4.25.1&Prime; _module_preset=\u00a0\u00bbdefault\u00a0\u00bb background_color=\u00a0\u00bb#9ac2ff\u00a0\u00bb custom_margin=\u00a0\u00bb0px|0px|0px|0px|false|false\u00a0\u00bb custom_padding=\u00a0\u00bb0px|0px|0px|0px|false|false\u00a0\u00bb locked=\u00a0\u00bboff\u00a0\u00bb global_colors_info=\u00a0\u00bb{}\u00a0\u00bb disabled_on=\u00a0\u00bbon|on|on\u00a0\u00bb disabled=\u00a0\u00bbon\u00a0\u00bb][et_pb_row _builder_version=\u00a0\u00bb4.25.1&Prime; _module_preset=\u00a0\u00bbdefault\u00a0\u00bb global_colors_info=\u00a0\u00bb{}\u00a0\u00bb][et_pb_column type=\u00a0\u00bb4_4&Prime; _builder_version=\u00a0\u00bb4.24.3&Prime; _module_preset=\u00a0\u00bbdefault\u00a0\u00bb global_colors_info=\u00a0\u00bb{}\u00a0\u00bb][et_pb_heading title=\u00a0\u00bbS&rsquo;inscrire \u00e0 notre newsletter\u00a0\u00bb _builder_version=\u00a0\u00bb4.27.4&Prime; _module_preset=\u00a0\u00bbdefault\u00a0\u00bb title_level=\u00a0\u00bbh2&Prime; title_text_color=\u00a0\u00bb#FFFFFF\u00a0\u00bb custom_margin=\u00a0\u00bb||0px||false|false\u00a0\u00bb custom_margin_tablet=\u00a0\u00bb||0px||false|false\u00a0\u00bb custom_margin_phone=\u00a0\u00bb20px||0px||false|false\u00a0\u00bb custom_margin_last_edited=\u00a0\u00bbon|desktop\u00a0\u00bb global_colors_info=\u00a0\u00bb{}\u00a0\u00bb][\/et_pb_heading][et_pb_code _builder_version=\u00a0\u00bb4.27.4&Prime; _module_preset=\u00a0\u00bbdefault\u00a0\u00bb hover_enabled=\u00a0\u00bb0&Prime; global_colors_info=\u00a0\u00bb{}\u00a0\u00bb sticky_enabled=\u00a0\u00bb0&Prime;][\/et_pb_code][\/et_pb_column][\/et_pb_row][\/et_pb_section]<\/p>\n","protected":false},"excerpt":{"rendered":"<p>\u00c0 table avec The Undiet PlanVoici enfin le tr\u00e8s attendu livre de recettes estivales The Undiet Plan ! Notre ebook regorge de recettes ultra gourmandes pour vous aider \u00e0 mincir, ou \u00e0 maintenir votre ligne : 8 ap\u00e9ros conviviaux et faciles \u00e0 pr\u00e9parer 5 drinks frais et fruit\u00e9s 8 entr\u00e9es savoureuses et faciles \u00e0 pr\u00e9parer [&hellip;]<\/p>\n","protected":false},"author":1,"featured_media":0,"parent":0,"menu_order":0,"comment_status":"closed","ping_status":"closed","template":"","meta":{"_et_pb_use_builder":"on","_et_pb_old_content":"","_et_gb_content_width":"","footnotes":""},"class_list":["post-1175","page","type-page","status-publish","hentry"],"yoast_head":"<!-- This site is optimized with the Yoast SEO plugin v26.6 - https:\/\/yoast.com\/wordpress\/plugins\/seo\/ -->\n<title>\u00c0 table avec The Undiet Plan - THE UNDIET PLAN<\/title>\n<meta name=\"robots\" content=\"index, follow, max-snippet:-1, max-image-preview:large, max-video-preview:-1\" \/>\n<link rel=\"canonical\" href=\"https:\/\/theundietplan.fit\/fr\/a-table-avec-the-undiet-plan\/\" \/>\n<meta property=\"og:locale\" content=\"fr_FR\" \/>\n<meta property=\"og:type\" content=\"article\" \/>\n<meta property=\"og:title\" content=\"\u00c0 table avec The Undiet Plan - THE UNDIET PLAN\" \/>\n<meta property=\"og:description\" content=\"\u00c0 table avec The Undiet PlanVoici enfin le tr\u00e8s attendu livre de recettes estivales The Undiet Plan ! Notre ebook regorge de recettes ultra gourmandes pour vous aider \u00e0 mincir, ou \u00e0 maintenir votre ligne : 8 ap\u00e9ros conviviaux et faciles \u00e0 pr\u00e9parer 5 drinks frais et fruit\u00e9s 8 entr\u00e9es savoureuses et faciles \u00e0 pr\u00e9parer [&hellip;]\" \/>\n<meta property=\"og:url\" content=\"https:\/\/theundietplan.fit\/fr\/a-table-avec-the-undiet-plan\/\" \/>\n<meta property=\"og:site_name\" content=\"THE UNDIET PLAN\" \/>\n<meta property=\"article:publisher\" content=\"https:\/\/www.facebook.com\/p\/The-Undiet-Plan-61558780589761\/\" \/>\n<meta property=\"article:modified_time\" content=\"2025-10-15T14:43:05+00:00\" \/>\n<meta name=\"twitter:card\" content=\"summary_large_image\" \/>\n<script type=\"application\/ld+json\" class=\"yoast-schema-graph\">{\"@context\":\"https:\/\/schema.org\",\"@graph\":[{\"@type\":\"WebPage\",\"@id\":\"https:\/\/theundietplan.fit\/fr\/a-table-avec-the-undiet-plan\/\",\"url\":\"https:\/\/theundietplan.fit\/fr\/a-table-avec-the-undiet-plan\/\",\"name\":\"\u00c0 table avec The Undiet Plan - THE UNDIET PLAN\",\"isPartOf\":{\"@id\":\"https:\/\/theundietplan.fit\/fr\/#website\"},\"datePublished\":\"2024-07-17T10:36:28+00:00\",\"dateModified\":\"2025-10-15T14:43:05+00:00\",\"breadcrumb\":{\"@id\":\"https:\/\/theundietplan.fit\/fr\/a-table-avec-the-undiet-plan\/#breadcrumb\"},\"inLanguage\":\"fr-FR\",\"potentialAction\":[{\"@type\":\"ReadAction\",\"target\":[\"https:\/\/theundietplan.fit\/fr\/a-table-avec-the-undiet-plan\/\"]}]},{\"@type\":\"BreadcrumbList\",\"@id\":\"https:\/\/theundietplan.fit\/fr\/a-table-avec-the-undiet-plan\/#breadcrumb\",\"itemListElement\":[{\"@type\":\"ListItem\",\"position\":1,\"name\":\"Home\",\"item\":\"https:\/\/theundietplan.fit\/fr\/\"},{\"@type\":\"ListItem\",\"position\":2,\"name\":\"\u00c0 table avec The Undiet Plan\"}]},{\"@type\":\"WebSite\",\"@id\":\"https:\/\/theundietplan.fit\/fr\/#website\",\"url\":\"https:\/\/theundietplan.fit\/fr\/\",\"name\":\"THE UNDIET PLAN\",\"description\":\"R\u00e9\u00e9quilibrage alimentaire\",\"publisher\":{\"@id\":\"https:\/\/theundietplan.fit\/fr\/#organization\"},\"potentialAction\":[{\"@type\":\"SearchAction\",\"target\":{\"@type\":\"EntryPoint\",\"urlTemplate\":\"https:\/\/theundietplan.fit\/fr\/?s={search_term_string}\"},\"query-input\":{\"@type\":\"PropertyValueSpecification\",\"valueRequired\":true,\"valueName\":\"search_term_string\"}}],\"inLanguage\":\"fr-FR\"},{\"@type\":\"Organization\",\"@id\":\"https:\/\/theundietplan.fit\/fr\/#organization\",\"name\":\"THE UNDIET PLAN\",\"url\":\"https:\/\/theundietplan.fit\/fr\/\",\"logo\":{\"@type\":\"ImageObject\",\"inLanguage\":\"fr-FR\",\"@id\":\"https:\/\/theundietplan.fit\/fr\/#\/schema\/logo\/image\/\",\"url\":\"https:\/\/theundietplan.fit\/wp-content\/uploads\/2024\/07\/cropped-TheUndietPlan_Logo_512x512-B.png\",\"contentUrl\":\"https:\/\/theundietplan.fit\/wp-content\/uploads\/2024\/07\/cropped-TheUndietPlan_Logo_512x512-B.png\",\"width\":512,\"height\":512,\"caption\":\"THE UNDIET PLAN\"},\"image\":{\"@id\":\"https:\/\/theundietplan.fit\/fr\/#\/schema\/logo\/image\/\"},\"sameAs\":[\"https:\/\/www.facebook.com\/p\/The-Undiet-Plan-61558780589761\/\",\"https:\/\/www.instagram.com\/theundietplan\/\"]}]}<\/script>\n<!-- \/ Yoast SEO plugin. -->","yoast_head_json":{"title":"\u00c0 table avec The Undiet Plan - THE UNDIET PLAN","robots":{"index":"index","follow":"follow","max-snippet":"max-snippet:-1","max-image-preview":"max-image-preview:large","max-video-preview":"max-video-preview:-1"},"canonical":"https:\/\/theundietplan.fit\/fr\/a-table-avec-the-undiet-plan\/","og_locale":"fr_FR","og_type":"article","og_title":"\u00c0 table avec The Undiet Plan - THE UNDIET PLAN","og_description":"\u00c0 table avec The Undiet PlanVoici enfin le tr\u00e8s attendu livre de recettes estivales The Undiet Plan ! Notre ebook regorge de recettes ultra gourmandes pour vous aider \u00e0 mincir, ou \u00e0 maintenir votre ligne : 8 ap\u00e9ros conviviaux et faciles \u00e0 pr\u00e9parer 5 drinks frais et fruit\u00e9s 8 entr\u00e9es savoureuses et faciles \u00e0 pr\u00e9parer [&hellip;]","og_url":"https:\/\/theundietplan.fit\/fr\/a-table-avec-the-undiet-plan\/","og_site_name":"THE UNDIET PLAN","article_publisher":"https:\/\/www.facebook.com\/p\/The-Undiet-Plan-61558780589761\/","article_modified_time":"2025-10-15T14:43:05+00:00","twitter_card":"summary_large_image","schema":{"@context":"https:\/\/schema.org","@graph":[{"@type":"WebPage","@id":"https:\/\/theundietplan.fit\/fr\/a-table-avec-the-undiet-plan\/","url":"https:\/\/theundietplan.fit\/fr\/a-table-avec-the-undiet-plan\/","name":"\u00c0 table avec The Undiet Plan - THE UNDIET PLAN","isPartOf":{"@id":"https:\/\/theundietplan.fit\/fr\/#website"},"datePublished":"2024-07-17T10:36:28+00:00","dateModified":"2025-10-15T14:43:05+00:00","breadcrumb":{"@id":"https:\/\/theundietplan.fit\/fr\/a-table-avec-the-undiet-plan\/#breadcrumb"},"inLanguage":"fr-FR","potentialAction":[{"@type":"ReadAction","target":["https:\/\/theundietplan.fit\/fr\/a-table-avec-the-undiet-plan\/"]}]},{"@type":"BreadcrumbList","@id":"https:\/\/theundietplan.fit\/fr\/a-table-avec-the-undiet-plan\/#breadcrumb","itemListElement":[{"@type":"ListItem","position":1,"name":"Home","item":"https:\/\/theundietplan.fit\/fr\/"},{"@type":"ListItem","position":2,"name":"\u00c0 table avec The Undiet Plan"}]},{"@type":"WebSite","@id":"https:\/\/theundietplan.fit\/fr\/#website","url":"https:\/\/theundietplan.fit\/fr\/","name":"THE UNDIET PLAN","description":"R\u00e9\u00e9quilibrage alimentaire","publisher":{"@id":"https:\/\/theundietplan.fit\/fr\/#organization"},"potentialAction":[{"@type":"SearchAction","target":{"@type":"EntryPoint","urlTemplate":"https:\/\/theundietplan.fit\/fr\/?s={search_term_string}"},"query-input":{"@type":"PropertyValueSpecification","valueRequired":true,"valueName":"search_term_string"}}],"inLanguage":"fr-FR"},{"@type":"Organization","@id":"https:\/\/theundietplan.fit\/fr\/#organization","name":"THE UNDIET PLAN","url":"https:\/\/theundietplan.fit\/fr\/","logo":{"@type":"ImageObject","inLanguage":"fr-FR","@id":"https:\/\/theundietplan.fit\/fr\/#\/schema\/logo\/image\/","url":"https:\/\/theundietplan.fit\/wp-content\/uploads\/2024\/07\/cropped-TheUndietPlan_Logo_512x512-B.png","contentUrl":"https:\/\/theundietplan.fit\/wp-content\/uploads\/2024\/07\/cropped-TheUndietPlan_Logo_512x512-B.png","width":512,"height":512,"caption":"THE UNDIET PLAN"},"image":{"@id":"https:\/\/theundietplan.fit\/fr\/#\/schema\/logo\/image\/"},"sameAs":["https:\/\/www.facebook.com\/p\/The-Undiet-Plan-61558780589761\/","https:\/\/www.instagram.com\/theundietplan\/"]}]}},"jetpack_sharing_enabled":true,"_links":{"self":[{"href":"https:\/\/theundietplan.fit\/fr\/wp-json\/wp\/v2\/pages\/1175","targetHints":{"allow":["GET"]}}],"collection":[{"href":"https:\/\/theundietplan.fit\/fr\/wp-json\/wp\/v2\/pages"}],"about":[{"href":"https:\/\/theundietplan.fit\/fr\/wp-json\/wp\/v2\/types\/page"}],"author":[{"embeddable":true,"href":"https:\/\/theundietplan.fit\/fr\/wp-json\/wp\/v2\/users\/1"}],"replies":[{"embeddable":true,"href":"https:\/\/theundietplan.fit\/fr\/wp-json\/wp\/v2\/comments?post=1175"}],"version-history":[{"count":3,"href":"https:\/\/theundietplan.fit\/fr\/wp-json\/wp\/v2\/pages\/1175\/revisions"}],"predecessor-version":[{"id":2186,"href":"https:\/\/theundietplan.fit\/fr\/wp-json\/wp\/v2\/pages\/1175\/revisions\/2186"}],"wp:attachment":[{"href":"https:\/\/theundietplan.fit\/fr\/wp-json\/wp\/v2\/media?parent=1175"}],"curies":[{"name":"wp","href":"https:\/\/api.w.org\/{rel}","templated":true}]}}