{"id":1294,"date":"2024-08-27T16:41:46","date_gmt":"2024-08-27T14:41:46","guid":{"rendered":"https:\/\/theundietplan.fit\/?page_id=1294"},"modified":"2024-08-27T17:22:16","modified_gmt":"2024-08-27T15:22:16","slug":"concours-coaching-gratuit","status":"publish","type":"page","link":"https:\/\/theundietplan.fit\/fr\/concours-coaching-gratuit\/","title":{"rendered":"Concours &#8211; Coaching gratuit"},"content":{"rendered":"<p>[et_pb_section fb_built=\u00a0\u00bb1&Prime; _builder_version=\u00a0\u00bb4.27.0&Prime; _module_preset=\u00a0\u00bbdefault\u00a0\u00bb background_color=\u00a0\u00bbRGBA(255,255,255,0)\u00a0\u00bb custom_padding=\u00a0\u00bb||1px|||\u00a0\u00bb saved_tabs=\u00a0\u00bball\u00a0\u00bb global_colors_info=\u00a0\u00bb{}\u00a0\u00bb][et_pb_row column_structure=\u00a0\u00bb1_3,2_3&Prime; _builder_version=\u00a0\u00bb4.27.0&Prime; _module_preset=\u00a0\u00bbdefault\u00a0\u00bb custom_padding=\u00a0\u00bb||32px|||\u00a0\u00bb hover_enabled=\u00a0\u00bb0&Prime; global_colors_info=\u00a0\u00bb{}\u00a0\u00bb sticky_enabled=\u00a0\u00bb0&Prime;][et_pb_column type=\u00a0\u00bb1_3&Prime; _builder_version=\u00a0\u00bb4.25.1&Prime; _module_preset=\u00a0\u00bbdefault\u00a0\u00bb global_colors_info=\u00a0\u00bb{}\u00a0\u00bb][et_pb_image src=\u00a0\u00bbhttp:\/\/theundietplan.fit\/wp-content\/uploads\/2024\/08\/Post-instagram-annonce-concours-simple-Violet-1.png\u00a0\u00bb title_text=\u00a0\u00bbPost instagram annonce concours simple Violet (1)\u00a0\u00bb _builder_version=\u00a0\u00bb4.27.0&Prime; _module_preset=\u00a0\u00bbdefault\u00a0\u00bb width=\u00a0\u00bb100%\u00a0\u00bb custom_margin=\u00a0\u00bb|37px||||\u00a0\u00bb hover_enabled=\u00a0\u00bb0&Prime; border_width_all=\u00a0\u00bb2px\u00a0\u00bb border_color_all=\u00a0\u00bb#FFFFFF\u00a0\u00bb global_colors_info=\u00a0\u00bb{}\u00a0\u00bb sticky_enabled=\u00a0\u00bb0&Prime;][\/et_pb_image][\/et_pb_column][et_pb_column type=\u00a0\u00bb2_3&Prime; _builder_version=\u00a0\u00bb4.25.1&Prime; _module_preset=\u00a0\u00bbdefault\u00a0\u00bb global_colors_info=\u00a0\u00bb{}\u00a0\u00bb][et_pb_text _builder_version=\u00a0\u00bb4.27.0&Prime; _module_preset=\u00a0\u00bbdefault\u00a0\u00bb text_font=\u00a0\u00bbCormorant Garamond||||||||\u00a0\u00bb header_2_font=\u00a0\u00bbCormorant Garamond||||||||\u00a0\u00bb header_2_text_color=\u00a0\u00bb#000000&Prime; header_2_font_size=\u00a0\u00bb40px\u00a0\u00bb width=\u00a0\u00bb108.3%\u00a0\u00bb custom_margin=\u00a0\u00bb||0px|-1px||\u00a0\u00bb custom_padding=\u00a0\u00bb0px|||1px||\u00a0\u00bb header_2_font_size_tablet=\u00a0\u00bb\u00a0\u00bb header_2_font_size_phone=\u00a0\u00bb25px\u00a0\u00bb header_2_font_size_last_edited=\u00a0\u00bbon|desktop\u00a0\u00bb inline_fonts=\u00a0\u00bbAbril Fatface\u00a0\u00bb global_colors_info=\u00a0\u00bb{}\u00a0\u00bb]<\/p>\n<h2><strong><span style=\"font-family: inherit;\">Concours The Undiet Plan<\/span><\/strong><\/h2>\n<p>[\/et_pb_text][et_pb_text _builder_version=\u00a0\u00bb4.27.0&Prime; _module_preset=\u00a0\u00bbdefault\u00a0\u00bb text_font=\u00a0\u00bbCormorant Garamond||||||||\u00a0\u00bb header_2_font=\u00a0\u00bbCormorant Garamond||||||||\u00a0\u00bb header_2_text_color=\u00a0\u00bb#000000&Prime; header_2_font_size=\u00a0\u00bb40px\u00a0\u00bb width=\u00a0\u00bb100%\u00a0\u00bb custom_margin=\u00a0\u00bb||21px|2px||\u00a0\u00bb custom_padding=\u00a0\u00bb0px|||||\u00a0\u00bb hover_enabled=\u00a0\u00bb0&Prime; header_2_font_size_tablet=\u00a0\u00bb\u00a0\u00bb header_2_font_size_phone=\u00a0\u00bb25px\u00a0\u00bb header_2_font_size_last_edited=\u00a0\u00bbon|desktop\u00a0\u00bb global_colors_info=\u00a0\u00bb{}\u00a0\u00bb sticky_enabled=\u00a0\u00bb0&Prime;]<\/p>\n<h3>Gagne un coaching minceur de 8 semaines !<\/h3>\n<p>[\/et_pb_text][et_pb_text _builder_version=\u00a0\u00bb4.27.0&Prime; _module_preset=\u00a0\u00bbdefault\u00a0\u00bb text_font=\u00a0\u00bbCormorant Garamond||||||||\u00a0\u00bb text_text_color=\u00a0\u00bb#000000&Prime; text_font_size=\u00a0\u00bb19px\u00a0\u00bb custom_margin=\u00a0\u00bb||||false|false\u00a0\u00bb custom_padding=\u00a0\u00bb|||0px||\u00a0\u00bb hover_enabled=\u00a0\u00bb0&Prime; inline_fonts=\u00a0\u00bbAbril Fatface\u00a0\u00bb global_colors_info=\u00a0\u00bb{}\u00a0\u00bb sticky_enabled=\u00a0\u00bb0&Prime;]<\/p>\n<p><span style=\"font-weight: 400;\">\u2192 L\u2019\u00e9t\u00e9 t\u2019a laiss\u00e9 quelques souvenirs sur les hanches ?\u00a0<\/span><\/p>\n<p><span style=\"font-weight: 400;\">\u2192 Tu as besoin de (re)prendre un rythme mais tu ne sais pas par o\u00f9 commencer ?<\/span><\/p>\n<p><span style=\"font-weight: 400;\">\u2192 Tu veux \u00e0 nouveau te sentir bien dans tes v\u00eatements et dans ton corps ?<\/span><\/p>\n<p><span style=\"font-weight: 400;\">\u2192 Tout en te faisant plaisir pendant les repas, sans compter les grammes, ni les calories ?<\/span><\/p>\n<p><span style=\"font-family: inherit;\"><strong>Alors <i>The Undiet Plan<\/i> est fait pour toi !<\/strong><span style=\"font-weight: 400;\"><br \/><\/span><\/span><span style=\"font-weight: 400;\"><br \/><\/span><span style=\"font-weight: 400;\">Ce programme a d\u00e9j\u00e0 chang\u00e9 la vie de centaines de personnes qui ont retrouv\u00e9 la ligne sans frustration, en mangeant ce qu&rsquo;ils voulaient, de vraies assiettes, g\u00e9n\u00e9reuses et app\u00e9tissantes.<\/span><strong><span style=\"font-weight: 400;\"><br \/><\/span><\/strong><\/p>\n<p>[\/et_pb_text][et_pb_button button_url=\u00a0\u00bb#form_concours\u00a0\u00bb button_text=\u00a0\u00bbJE PARTICIPE !\u00a0\u00bb _builder_version=\u00a0\u00bb4.27.0&Prime; _module_preset=\u00a0\u00bbdefault\u00a0\u00bb custom_button=\u00a0\u00bbon\u00a0\u00bb button_text_color=\u00a0\u00bb#f70059&Prime; custom_margin=\u00a0\u00bb||||false|false\u00a0\u00bb custom_padding=\u00a0\u00bb||7px|||\u00a0\u00bb animation_style=\u00a0\u00bbfade\u00a0\u00bb hover_enabled=\u00a0\u00bb0&Prime; global_colors_info=\u00a0\u00bb{}\u00a0\u00bb sticky_enabled=\u00a0\u00bb0&Prime;][\/et_pb_button][\/et_pb_column][\/et_pb_row][et_pb_row _builder_version=\u00a0\u00bb4.27.0&Prime; _module_preset=\u00a0\u00bbdefault\u00a0\u00bb custom_margin=\u00a0\u00bb-13px|auto||auto||\u00a0\u00bb global_colors_info=\u00a0\u00bb{}\u00a0\u00bb custom_padding=\u00a0\u00bb||59px|||\u00a0\u00bb][et_pb_column type=\u00a0\u00bb4_4&Prime; _builder_version=\u00a0\u00bb4.27.0&Prime; _module_preset=\u00a0\u00bbdefault\u00a0\u00bb global_colors_info=\u00a0\u00bb{}\u00a0\u00bb][et_pb_text _builder_version=\u00a0\u00bb4.27.0&Prime; _module_preset=\u00a0\u00bbdefault\u00a0\u00bb text_font=\u00a0\u00bbCormorant Garamond||||||||\u00a0\u00bb text_font_size=\u00a0\u00bb20px\u00a0\u00bb inline_fonts=\u00a0\u00bbAbril Fatface\u00a0\u00bb global_colors_info=\u00a0\u00bb{}\u00a0\u00bb]<\/p>\n<p><span style=\"font-weight: 400;\">Participe au grand concours <\/span><i><span style=\"font-weight: 400;\">The Undiet Plan <\/span><\/i><span style=\"font-weight: 400;\">et gagne :\u00a0<\/span><\/p>\n<p><span style=\"color: #f70059; font-family: inherit; font-weight: normal; font-size: x-large;\"><strong>#1 &#8211; Un coaching minceur 100% GRATUIT\u00a0<\/strong><\/span><\/p>\n<ul>\n<li><span style=\"font-weight: 400;\">Sur 8 semaines<\/span><\/li>\n<li style=\"font-weight: 400;\" aria-level=\"1\"><span style=\"font-weight: 400;\">100% en ligne (on t\u2019accompagne dans tes moindres d\u00e9placements !)<\/span><\/li>\n<li style=\"font-weight: 400;\" aria-level=\"1\"><span style=\"font-weight: 400;\">Avec un accompagnement quotidien rapproch\u00e9 et personnalis\u00e9 de 2 coachs d\u00e9di\u00e9es<\/span><\/li>\n<li style=\"font-weight: 400;\" aria-level=\"1\"><span style=\"font-weight: 400;\">Garanti sans frustrations !<\/span><\/li>\n<\/ul>\n<ul><\/ul>\n<p><span style=\"color: #f70059; font-family: inherit; font-weight: normal; font-size: x-large;\"><strong>#2 &#8211; 10% de r\u00e9duction sur ton programme minceur sans r\u00e9gime !\u00a0<\/strong><\/span><\/p>\n<p><strong><span style=\"font-weight: 400;\">Remplis le formulaire ci-dessous pour participer :\u00a0<\/span><\/strong><\/p>\n<p>[\/et_pb_text][et_pb_button button_url=\u00a0\u00bb#form_concours\u00a0\u00bb button_text=\u00a0\u00bbJE PARTICIPE !\u00a0\u00bb _builder_version=\u00a0\u00bb4.27.0&Prime; _module_preset=\u00a0\u00bbdefault\u00a0\u00bb custom_button=\u00a0\u00bbon\u00a0\u00bb button_text_color=\u00a0\u00bb#f70059&Prime; custom_margin=\u00a0\u00bb||||false|false\u00a0\u00bb custom_padding=\u00a0\u00bb||7px|||\u00a0\u00bb animation_style=\u00a0\u00bbfade\u00a0\u00bb hover_enabled=\u00a0\u00bb0&Prime; global_colors_info=\u00a0\u00bb{}\u00a0\u00bb sticky_enabled=\u00a0\u00bb0&Prime;][\/et_pb_button][\/et_pb_column][\/et_pb_row][\/et_pb_section][et_pb_section fb_built=\u00a0\u00bb1&Prime; _builder_version=\u00a0\u00bb4.27.0&Prime; _module_preset=\u00a0\u00bbdefault\u00a0\u00bb custom_padding=\u00a0\u00bb0px||2px|||\u00a0\u00bb global_colors_info=\u00a0\u00bb{}\u00a0\u00bb][et_pb_row _builder_version=\u00a0\u00bb4.27.0&Prime; _module_preset=\u00a0\u00bbdefault\u00a0\u00bb custom_margin=\u00a0\u00bb-13px|auto||auto||\u00a0\u00bb hover_enabled=\u00a0\u00bb0&Prime; global_colors_info=\u00a0\u00bb{}\u00a0\u00bb sticky_enabled=\u00a0\u00bb0&Prime;][et_pb_column type=\u00a0\u00bb4_4&Prime; _builder_version=\u00a0\u00bb4.27.0&Prime; _module_preset=\u00a0\u00bbdefault\u00a0\u00bb global_colors_info=\u00a0\u00bb{}\u00a0\u00bb][et_pb_text _builder_version=\u00a0\u00bb4.27.0&Prime; _module_preset=\u00a0\u00bbdefault\u00a0\u00bb text_font=\u00a0\u00bbCormorant Garamond||||||||\u00a0\u00bb text_font_size=\u00a0\u00bb20px\u00a0\u00bb hover_enabled=\u00a0\u00bb0&Prime; inline_fonts=\u00a0\u00bbAbril Fatface\u00a0\u00bb global_colors_info=\u00a0\u00bb{}\u00a0\u00bb sticky_enabled=\u00a0\u00bb0&Prime;]<\/p>\n<ul>\n<li><em><strong>Pour gagner : inscris-toi \u00e0 la newsletter<\/strong> depuis le formulaire ci-dessous !<\/em><\/li>\n<li><em><strong>BONUS<\/strong> : Optimise tes chances de gain en t&rsquo;inscrivant \u00e0 notre profil sur les r\u00e9seaux sociaux (<a href=\"https:\/\/www.instagram.com\/theundietplan\/?hl=en\">Instagram<\/a> et\/ou <a href=\"https:\/\/www.facebook.com\/profile.php?id=61558780589761\" title=\"Facebook - The Undiet Plan\">Facebook<\/a>).<\/em><em><strong><\/strong><\/em><\/li>\n<li><em>Ce concours est organis\u00e9 par The Undiet Plan, et <strong>r\u00e9serv\u00e9 \u00e0 toute personne de 18 ans r\u00e9volus.<\/strong><\/em><em><\/em><\/li>\n<li><em>Le gagnant du concours sera d\u00e9termin\u00e9 par tirage au sort, qui aura lieu le <strong>15 septembre 2024<\/strong>. <\/em><\/li>\n<li><em>Pour consulter les conditions de participation, voir ci-dessous.<\/em><\/li>\n<\/ul>\n<p>[\/et_pb_text][wpforms_selector form_id=\u00a0\u00bb1380&Prime; _builder_version=\u00a0\u00bb4.27.0&Prime; _module_preset=\u00a0\u00bbdefault\u00a0\u00bb hover_enabled=\u00a0\u00bb0&Prime; global_colors_info=\u00a0\u00bb{}\u00a0\u00bb module_id=\u00a0\u00bbform_concours\u00a0\u00bb sticky_enabled=\u00a0\u00bb0&Prime;][\/wpforms_selector][\/et_pb_column][\/et_pb_row][\/et_pb_section]<\/p>\n","protected":false},"excerpt":{"rendered":"<p>Concours The Undiet PlanGagne un coaching minceur de 8 semaines !\u2192 L\u2019\u00e9t\u00e9 t\u2019a laiss\u00e9 quelques souvenirs sur les hanches ?\u00a0 \u2192 Tu as besoin de (re)prendre un rythme mais tu ne sais pas par o\u00f9 commencer ? \u2192 Tu veux \u00e0 nouveau te sentir bien dans tes v\u00eatements et dans ton corps ? \u2192 Tout [&hellip;]<\/p>\n","protected":false},"author":1,"featured_media":0,"parent":0,"menu_order":0,"comment_status":"closed","ping_status":"closed","template":"","meta":{"_et_pb_use_builder":"on","_et_pb_old_content":"","_et_gb_content_width":"","footnotes":""},"class_list":["post-1294","page","type-page","status-publish","hentry"],"yoast_head":"<!-- This site is optimized with the Yoast SEO plugin v26.6 - https:\/\/yoast.com\/wordpress\/plugins\/seo\/ -->\n<title>Concours - Coaching gratuit - THE UNDIET PLAN<\/title>\n<meta name=\"robots\" content=\"index, follow, max-snippet:-1, max-image-preview:large, max-video-preview:-1\" \/>\n<link rel=\"canonical\" href=\"https:\/\/theundietplan.fit\/fr\/concours-coaching-gratuit\/\" \/>\n<meta property=\"og:locale\" content=\"fr_FR\" \/>\n<meta property=\"og:type\" content=\"article\" \/>\n<meta property=\"og:title\" content=\"Concours - Coaching gratuit - THE UNDIET PLAN\" \/>\n<meta property=\"og:description\" content=\"Concours The Undiet PlanGagne un coaching minceur de 8 semaines !\u2192 L\u2019\u00e9t\u00e9 t\u2019a laiss\u00e9 quelques souvenirs sur les hanches ?\u00a0 \u2192 Tu as besoin de (re)prendre un rythme mais tu ne sais pas par o\u00f9 commencer ? \u2192 Tu veux \u00e0 nouveau te sentir bien dans tes v\u00eatements et dans ton corps ? \u2192 Tout [&hellip;]\" \/>\n<meta property=\"og:url\" content=\"https:\/\/theundietplan.fit\/fr\/concours-coaching-gratuit\/\" \/>\n<meta property=\"og:site_name\" content=\"THE UNDIET PLAN\" \/>\n<meta property=\"article:publisher\" content=\"https:\/\/www.facebook.com\/p\/The-Undiet-Plan-61558780589761\/\" \/>\n<meta property=\"article:modified_time\" content=\"2024-08-27T15:22:16+00:00\" \/>\n<meta name=\"twitter:card\" content=\"summary_large_image\" \/>\n<script type=\"application\/ld+json\" class=\"yoast-schema-graph\">{\"@context\":\"https:\/\/schema.org\",\"@graph\":[{\"@type\":\"WebPage\",\"@id\":\"https:\/\/theundietplan.fit\/fr\/concours-coaching-gratuit\/\",\"url\":\"https:\/\/theundietplan.fit\/fr\/concours-coaching-gratuit\/\",\"name\":\"Concours - Coaching gratuit - THE UNDIET PLAN\",\"isPartOf\":{\"@id\":\"https:\/\/theundietplan.fit\/fr\/#website\"},\"datePublished\":\"2024-08-27T14:41:46+00:00\",\"dateModified\":\"2024-08-27T15:22:16+00:00\",\"breadcrumb\":{\"@id\":\"https:\/\/theundietplan.fit\/fr\/concours-coaching-gratuit\/#breadcrumb\"},\"inLanguage\":\"fr-FR\",\"potentialAction\":[{\"@type\":\"ReadAction\",\"target\":[\"https:\/\/theundietplan.fit\/fr\/concours-coaching-gratuit\/\"]}]},{\"@type\":\"BreadcrumbList\",\"@id\":\"https:\/\/theundietplan.fit\/fr\/concours-coaching-gratuit\/#breadcrumb\",\"itemListElement\":[{\"@type\":\"ListItem\",\"position\":1,\"name\":\"Home\",\"item\":\"https:\/\/theundietplan.fit\/fr\/\"},{\"@type\":\"ListItem\",\"position\":2,\"name\":\"Concours &#8211; Coaching gratuit\"}]},{\"@type\":\"WebSite\",\"@id\":\"https:\/\/theundietplan.fit\/fr\/#website\",\"url\":\"https:\/\/theundietplan.fit\/fr\/\",\"name\":\"THE UNDIET PLAN\",\"description\":\"R\u00e9\u00e9quilibrage alimentaire\",\"publisher\":{\"@id\":\"https:\/\/theundietplan.fit\/fr\/#organization\"},\"potentialAction\":[{\"@type\":\"SearchAction\",\"target\":{\"@type\":\"EntryPoint\",\"urlTemplate\":\"https:\/\/theundietplan.fit\/fr\/?s={search_term_string}\"},\"query-input\":{\"@type\":\"PropertyValueSpecification\",\"valueRequired\":true,\"valueName\":\"search_term_string\"}}],\"inLanguage\":\"fr-FR\"},{\"@type\":\"Organization\",\"@id\":\"https:\/\/theundietplan.fit\/fr\/#organization\",\"name\":\"THE UNDIET PLAN\",\"url\":\"https:\/\/theundietplan.fit\/fr\/\",\"logo\":{\"@type\":\"ImageObject\",\"inLanguage\":\"fr-FR\",\"@id\":\"https:\/\/theundietplan.fit\/fr\/#\/schema\/logo\/image\/\",\"url\":\"https:\/\/theundietplan.fit\/wp-content\/uploads\/2024\/07\/cropped-TheUndietPlan_Logo_512x512-B.png\",\"contentUrl\":\"https:\/\/theundietplan.fit\/wp-content\/uploads\/2024\/07\/cropped-TheUndietPlan_Logo_512x512-B.png\",\"width\":512,\"height\":512,\"caption\":\"THE UNDIET PLAN\"},\"image\":{\"@id\":\"https:\/\/theundietplan.fit\/fr\/#\/schema\/logo\/image\/\"},\"sameAs\":[\"https:\/\/www.facebook.com\/p\/The-Undiet-Plan-61558780589761\/\",\"https:\/\/www.instagram.com\/theundietplan\/\"]}]}<\/script>\n<!-- \/ Yoast SEO plugin. -->","yoast_head_json":{"title":"Concours - Coaching gratuit - THE UNDIET PLAN","robots":{"index":"index","follow":"follow","max-snippet":"max-snippet:-1","max-image-preview":"max-image-preview:large","max-video-preview":"max-video-preview:-1"},"canonical":"https:\/\/theundietplan.fit\/fr\/concours-coaching-gratuit\/","og_locale":"fr_FR","og_type":"article","og_title":"Concours - Coaching gratuit - THE UNDIET PLAN","og_description":"Concours The Undiet PlanGagne un coaching minceur de 8 semaines !\u2192 L\u2019\u00e9t\u00e9 t\u2019a laiss\u00e9 quelques souvenirs sur les hanches ?\u00a0 \u2192 Tu as besoin de (re)prendre un rythme mais tu ne sais pas par o\u00f9 commencer ? \u2192 Tu veux \u00e0 nouveau te sentir bien dans tes v\u00eatements et dans ton corps ? \u2192 Tout [&hellip;]","og_url":"https:\/\/theundietplan.fit\/fr\/concours-coaching-gratuit\/","og_site_name":"THE UNDIET PLAN","article_publisher":"https:\/\/www.facebook.com\/p\/The-Undiet-Plan-61558780589761\/","article_modified_time":"2024-08-27T15:22:16+00:00","twitter_card":"summary_large_image","schema":{"@context":"https:\/\/schema.org","@graph":[{"@type":"WebPage","@id":"https:\/\/theundietplan.fit\/fr\/concours-coaching-gratuit\/","url":"https:\/\/theundietplan.fit\/fr\/concours-coaching-gratuit\/","name":"Concours - Coaching gratuit - THE UNDIET PLAN","isPartOf":{"@id":"https:\/\/theundietplan.fit\/fr\/#website"},"datePublished":"2024-08-27T14:41:46+00:00","dateModified":"2024-08-27T15:22:16+00:00","breadcrumb":{"@id":"https:\/\/theundietplan.fit\/fr\/concours-coaching-gratuit\/#breadcrumb"},"inLanguage":"fr-FR","potentialAction":[{"@type":"ReadAction","target":["https:\/\/theundietplan.fit\/fr\/concours-coaching-gratuit\/"]}]},{"@type":"BreadcrumbList","@id":"https:\/\/theundietplan.fit\/fr\/concours-coaching-gratuit\/#breadcrumb","itemListElement":[{"@type":"ListItem","position":1,"name":"Home","item":"https:\/\/theundietplan.fit\/fr\/"},{"@type":"ListItem","position":2,"name":"Concours &#8211; Coaching gratuit"}]},{"@type":"WebSite","@id":"https:\/\/theundietplan.fit\/fr\/#website","url":"https:\/\/theundietplan.fit\/fr\/","name":"THE UNDIET PLAN","description":"R\u00e9\u00e9quilibrage alimentaire","publisher":{"@id":"https:\/\/theundietplan.fit\/fr\/#organization"},"potentialAction":[{"@type":"SearchAction","target":{"@type":"EntryPoint","urlTemplate":"https:\/\/theundietplan.fit\/fr\/?s={search_term_string}"},"query-input":{"@type":"PropertyValueSpecification","valueRequired":true,"valueName":"search_term_string"}}],"inLanguage":"fr-FR"},{"@type":"Organization","@id":"https:\/\/theundietplan.fit\/fr\/#organization","name":"THE UNDIET PLAN","url":"https:\/\/theundietplan.fit\/fr\/","logo":{"@type":"ImageObject","inLanguage":"fr-FR","@id":"https:\/\/theundietplan.fit\/fr\/#\/schema\/logo\/image\/","url":"https:\/\/theundietplan.fit\/wp-content\/uploads\/2024\/07\/cropped-TheUndietPlan_Logo_512x512-B.png","contentUrl":"https:\/\/theundietplan.fit\/wp-content\/uploads\/2024\/07\/cropped-TheUndietPlan_Logo_512x512-B.png","width":512,"height":512,"caption":"THE UNDIET PLAN"},"image":{"@id":"https:\/\/theundietplan.fit\/fr\/#\/schema\/logo\/image\/"},"sameAs":["https:\/\/www.facebook.com\/p\/The-Undiet-Plan-61558780589761\/","https:\/\/www.instagram.com\/theundietplan\/"]}]}},"jetpack_sharing_enabled":true,"_links":{"self":[{"href":"https:\/\/theundietplan.fit\/fr\/wp-json\/wp\/v2\/pages\/1294","targetHints":{"allow":["GET"]}}],"collection":[{"href":"https:\/\/theundietplan.fit\/fr\/wp-json\/wp\/v2\/pages"}],"about":[{"href":"https:\/\/theundietplan.fit\/fr\/wp-json\/wp\/v2\/types\/page"}],"author":[{"embeddable":true,"href":"https:\/\/theundietplan.fit\/fr\/wp-json\/wp\/v2\/users\/1"}],"replies":[{"embeddable":true,"href":"https:\/\/theundietplan.fit\/fr\/wp-json\/wp\/v2\/comments?post=1294"}],"version-history":[{"count":0,"href":"https:\/\/theundietplan.fit\/fr\/wp-json\/wp\/v2\/pages\/1294\/revisions"}],"wp:attachment":[{"href":"https:\/\/theundietplan.fit\/fr\/wp-json\/wp\/v2\/media?parent=1294"}],"curies":[{"name":"wp","href":"https:\/\/api.w.org\/{rel}","templated":true}]}}