{"id":615,"date":"2024-02-21T14:35:38","date_gmt":"2024-02-21T13:35:38","guid":{"rendered":"https:\/\/theundietplan.fit\/?page_id=615"},"modified":"2024-02-21T14:37:41","modified_gmt":"2024-02-21T13:37:41","slug":"workshop-nutrition","status":"publish","type":"page","link":"https:\/\/theundietplan.fit\/fr\/workshop-nutrition\/","title":{"rendered":"Workshop nutrition"},"content":{"rendered":"<p>[et_pb_section fb_built=\u00a0\u00bb1&Prime; fullwidth=\u00a0\u00bbon\u00a0\u00bb admin_label=\u00a0\u00bbHeader\u00a0\u00bb _builder_version=\u00a0\u00bb4.23&Prime; height_tablet=\u00a0\u00bb100%\u00a0\u00bb height_phone=\u00a0\u00bb100%\u00a0\u00bb height_last_edited=\u00a0\u00bbon|phone\u00a0\u00bb custom_margin=\u00a0\u00bb0px||0px||false|false\u00a0\u00bb custom_padding=\u00a0\u00bb0px|0|0px|0px|false|false\u00a0\u00bb top_divider_style=\u00a0\u00bbnone\u00a0\u00bb top_divider_color=\u00a0\u00bbRGBA(255,255,255,0)\u00a0\u00bb top_divider_height=\u00a0\u00bb100%\u00a0\u00bb top_divider_repeat=\u00a0\u00bb2x\u00a0\u00bb bottom_divider_color=\u00a0\u00bbrgba(255,255,255,0.33)\u00a0\u00bb bottom_divider_height=\u00a0\u00bb500px\u00a0\u00bb hover_enabled=\u00a0\u00bb0&Prime; global_colors_info=\u00a0\u00bb{}\u00a0\u00bb theme_builder_area=\u00a0\u00bbpost_content\u00a0\u00bb sticky_enabled=\u00a0\u00bb0&Prime;][et_pb_fullwidth_header title=\u00a0\u00bbWorkshop nutrition\u00a0\u00bb header_fullscreen=\u00a0\u00bbon\u00a0\u00bb content_max_width=\u00a0\u00bb70%\u00a0\u00bb content_max_width_tablet=\u00a0\u00bb100%\u00a0\u00bb content_max_width_phone=\u00a0\u00bb\u00a0\u00bb content_max_width_last_edited=\u00a0\u00bbon|phone\u00a0\u00bb _builder_version=\u00a0\u00bb4.23&Prime; title_font=\u00a0\u00bbCormorant Garamond|500|||||||\u00a0\u00bb title_font_size=\u00a0\u00bb5vw\u00a0\u00bb title_line_height=\u00a0\u00bb1.5em\u00a0\u00bb content_font=\u00a0\u00bb||||||||\u00a0\u00bb subhead_font=\u00a0\u00bbPoppins|700||on|||||\u00a0\u00bb subhead_font_size=\u00a0\u00bb16px\u00a0\u00bb subhead_letter_spacing=\u00a0\u00bb15px\u00a0\u00bb subhead_line_height=\u00a0\u00bb2em\u00a0\u00bb background_color=\u00a0\u00bbrgba(255,255,255,0)\u00a0\u00bb background_image=\u00a0\u00bbhttp:\/\/theundietplan.fit\/wp-content\/uploads\/2023\/10\/IMG-20231003-WA0003.jpg\u00a0\u00bb background_size=\u00a0\u00bbcontain\u00a0\u00bb background_position=\u00a0\u00bbcenter_right\u00a0\u00bb custom_button_one=\u00a0\u00bbon\u00a0\u00bb button_one_text_size=\u00a0\u00bb14px\u00a0\u00bb button_one_text_color=\u00a0\u00bb#000000&Prime; button_one_bg_color=\u00a0\u00bb#ffffff\u00a0\u00bb button_one_border_width=\u00a0\u00bb14px\u00a0\u00bb button_one_border_color=\u00a0\u00bb#ffffff\u00a0\u00bb button_one_border_radius=\u00a0\u00bb0px\u00a0\u00bb button_one_letter_spacing=\u00a0\u00bb4px\u00a0\u00bb button_one_font=\u00a0\u00bbPoppins|500||on|||||\u00a0\u00bb background_layout=\u00a0\u00bblight\u00a0\u00bb custom_margin=\u00a0\u00bb1px||0px||false|false\u00a0\u00bb custom_padding=\u00a0\u00bb||||true|false\u00a0\u00bb hover_enabled=\u00a0\u00bb0&Prime; title_font_size_tablet=\u00a0\u00bb40px\u00a0\u00bb title_font_size_phone=\u00a0\u00bb\u00a0\u00bb title_font_size_last_edited=\u00a0\u00bbon|desktop\u00a0\u00bb subhead_font_size_tablet=\u00a0\u00bb40px\u00a0\u00bb subhead_font_size_last_edited=\u00a0\u00bboff|desktop\u00a0\u00bb subhead_letter_spacing_tablet=\u00a0\u00bb\u00a0\u00bb subhead_letter_spacing_phone=\u00a0\u00bb0px\u00a0\u00bb subhead_letter_spacing_last_edited=\u00a0\u00bbon|phone\u00a0\u00bb background_last_edited=\u00a0\u00bbon|tablet\u00a0\u00bb background_size_tablet=\u00a0\u00bbcustom\u00a0\u00bb background_image_width_tablet=\u00a0\u00bb45%\u00a0\u00bb background_image_height_phone=\u00a0\u00bb0%\u00a0\u00bb background_horizontal_offset_phone=\u00a0\u00bb-30%\u00a0\u00bb button_one_border_color_hover=\u00a0\u00bb#ecd5c5&Prime; button_one_border_radius_hover=\u00a0\u00bb0px\u00a0\u00bb button_one_letter_spacing_hover=\u00a0\u00bb4px\u00a0\u00bb button_one_bg_color_hover=\u00a0\u00bb#ecd5c5&Prime; global_colors_info=\u00a0\u00bb{}\u00a0\u00bb button_one_text_size__hover_enabled=\u00a0\u00bboff\u00a0\u00bb button_two_text_size__hover_enabled=\u00a0\u00bboff\u00a0\u00bb button_one_text_color__hover_enabled=\u00a0\u00bboff\u00a0\u00bb button_two_text_color__hover_enabled=\u00a0\u00bboff\u00a0\u00bb button_one_border_width__hover_enabled=\u00a0\u00bboff\u00a0\u00bb button_two_border_width__hover_enabled=\u00a0\u00bboff\u00a0\u00bb button_one_border_color__hover_enabled=\u00a0\u00bbon\u00a0\u00bb button_one_border_color__hover=\u00a0\u00bb#ecd5c5&Prime; button_two_border_color__hover_enabled=\u00a0\u00bboff\u00a0\u00bb button_one_border_radius__hover_enabled=\u00a0\u00bbon\u00a0\u00bb button_one_border_radius__hover=\u00a0\u00bb0px\u00a0\u00bb button_two_border_radius__hover_enabled=\u00a0\u00bboff\u00a0\u00bb button_one_letter_spacing__hover_enabled=\u00a0\u00bbon\u00a0\u00bb button_one_letter_spacing__hover=\u00a0\u00bb4px\u00a0\u00bb button_two_letter_spacing__hover_enabled=\u00a0\u00bboff\u00a0\u00bb button_one_bg_color__hover_enabled=\u00a0\u00bbon\u00a0\u00bb button_one_bg_color__hover=\u00a0\u00bb#ecd5c5&Prime; button_two_bg_color__hover_enabled=\u00a0\u00bboff\u00a0\u00bb theme_builder_area=\u00a0\u00bbpost_content\u00a0\u00bb subhead=\u00a0\u00bbLe lundi 4 mars \u00e0 18h15&Prime; sticky_enabled=\u00a0\u00bb0&Prime; title_text=\u00a0\u00bbMarylin_CutPizza_Rectangle\u00a0\u00bb header_image_url=\u00a0\u00bbhttp:\/\/theundietplan.fit\/wp-content\/uploads\/2024\/02\/Marylin_CutPizza_Rectangle.png\u00a0\u00bb background_overlay_color=\u00a0\u00bb#FFFFFF\u00a0\u00bb border_radii_image__hover_enabled=\u00a0\u00bbon|desktop\u00a0\u00bb][\/et_pb_fullwidth_header][\/et_pb_section][et_pb_section fb_built=\u00a0\u00bb1&Prime; admin_label=\u00a0\u00bbContact Info \u00a0\u00bb _builder_version=\u00a0\u00bb4.16&Prime; global_colors_info=\u00a0\u00bb{}\u00a0\u00bb][et_pb_row column_structure=\u00a0\u00bb2_3,1_3&Prime; admin_label=\u00a0\u00bbRang de contact\u00a0\u00bb _builder_version=\u00a0\u00bb4.22.2&Prime; global_colors_info=\u00a0\u00bb{}\u00a0\u00bb][et_pb_column type=\u00a0\u00bb2_3&Prime; _builder_version=\u00a0\u00bb4.16&Prime; custom_padding=\u00a0\u00bb|||\u00a0\u00bb global_colors_info=\u00a0\u00bb{}\u00a0\u00bb custom_padding__hover=\u00a0\u00bb|||\u00a0\u00bb][et_pb_contact_form captcha=\u00a0\u00bboff\u00a0\u00bb email=\u00a0\u00bbhello@theundietplan.fit\u00a0\u00bb title=\u00a0\u00bbR\u00e9serve ta place\u00a0\u00bb custom_message=\u00a0\u00bbVous venez de recevoir un nouveau message de votre formulaire de contact en Anglais.||Vous venez de recevoir un nouveau message de votre formulaire de contact en Anglais : %%email%%|et_pb_line_break_holder||||et_pb_line_break_holder||Objet de la demande : %%field_5%|et_pb_line_break_holder||||et_pb_line_break_holder|Message : %%message%%.\u00a0\u00bb success_message=\u00a0\u00bbBien re\u00e7u, nous avons h\u00e2te de te rencontrer le 4 mars !\u00a0\u00bb submit_button_text=\u00a0\u00bbJ&rsquo;y serai !\u00a0\u00bb module_id=\u00a0\u00bbet_pb_contact_form_0&Prime; _builder_version=\u00a0\u00bb4.23&Prime; form_field_background_color=\u00a0\u00bbrgba(0,0,0,0.03)\u00a0\u00bb title_level=\u00a0\u00bbh2&Prime; title_font=\u00a0\u00bbCormorant Garamond||||||||\u00a0\u00bb title_font_size=\u00a0\u00bb45px\u00a0\u00bb title_line_height=\u00a0\u00bb1.8em\u00a0\u00bb form_field_font=\u00a0\u00bbPoppins||||||||\u00a0\u00bb form_field_font_size=\u00a0\u00bb16px\u00a0\u00bb custom_button=\u00a0\u00bbon\u00a0\u00bb button_text_size=\u00a0\u00bb14px\u00a0\u00bb button_text_color=\u00a0\u00bb#ffffff\u00a0\u00bb button_bg_color=\u00a0\u00bb#c4beb9&Prime; button_border_width=\u00a0\u00bb16px\u00a0\u00bb button_border_color=\u00a0\u00bb#c4beb9&Prime; button_border_radius=\u00a0\u00bb0px\u00a0\u00bb button_letter_spacing=\u00a0\u00bb4px\u00a0\u00bb button_font=\u00a0\u00bbPoppins|||on|||||\u00a0\u00bb form_background_color=\u00a0\u00bbrgba(0,0,0,0.03)\u00a0\u00bb global_colors_info=\u00a0\u00bb{}\u00a0\u00bb][et_pb_contact_field field_id=\u00a0\u00bbName\u00a0\u00bb field_title=\u00a0\u00bbTon nom complet\u00a0\u00bb fullwidth_field=\u00a0\u00bbon\u00a0\u00bb _builder_version=\u00a0\u00bb4.23&Prime; global_colors_info=\u00a0\u00bb{}\u00a0\u00bb button_text_size__hover_enabled=\u00a0\u00bboff\u00a0\u00bb button_one_text_size__hover_enabled=\u00a0\u00bboff\u00a0\u00bb button_two_text_size__hover_enabled=\u00a0\u00bboff\u00a0\u00bb button_text_color__hover_enabled=\u00a0\u00bboff\u00a0\u00bb button_one_text_color__hover_enabled=\u00a0\u00bboff\u00a0\u00bb button_two_text_color__hover_enabled=\u00a0\u00bboff\u00a0\u00bb button_border_width__hover_enabled=\u00a0\u00bboff\u00a0\u00bb button_one_border_width__hover_enabled=\u00a0\u00bboff\u00a0\u00bb button_two_border_width__hover_enabled=\u00a0\u00bboff\u00a0\u00bb button_border_color__hover_enabled=\u00a0\u00bboff\u00a0\u00bb button_one_border_color__hover_enabled=\u00a0\u00bboff\u00a0\u00bb button_two_border_color__hover_enabled=\u00a0\u00bboff\u00a0\u00bb button_border_radius__hover_enabled=\u00a0\u00bboff\u00a0\u00bb button_one_border_radius__hover_enabled=\u00a0\u00bboff\u00a0\u00bb button_two_border_radius__hover_enabled=\u00a0\u00bboff\u00a0\u00bb button_letter_spacing__hover_enabled=\u00a0\u00bboff\u00a0\u00bb button_one_letter_spacing__hover_enabled=\u00a0\u00bboff\u00a0\u00bb button_two_letter_spacing__hover_enabled=\u00a0\u00bboff\u00a0\u00bb button_bg_color__hover_enabled=\u00a0\u00bboff\u00a0\u00bb button_one_bg_color__hover_enabled=\u00a0\u00bboff\u00a0\u00bb button_two_bg_color__hover_enabled=\u00a0\u00bboff\u00a0\u00bb][\/et_pb_contact_field][et_pb_contact_field field_id=\u00a0\u00bbEmail\u00a0\u00bb field_title=\u00a0\u00bbTon email\u00a0\u00bb field_type=\u00a0\u00bbemail\u00a0\u00bb fullwidth_field=\u00a0\u00bbon\u00a0\u00bb _builder_version=\u00a0\u00bb4.23&Prime; global_colors_info=\u00a0\u00bb{}\u00a0\u00bb button_text_size__hover_enabled=\u00a0\u00bboff\u00a0\u00bb button_one_text_size__hover_enabled=\u00a0\u00bboff\u00a0\u00bb button_two_text_size__hover_enabled=\u00a0\u00bboff\u00a0\u00bb button_text_color__hover_enabled=\u00a0\u00bboff\u00a0\u00bb button_one_text_color__hover_enabled=\u00a0\u00bboff\u00a0\u00bb button_two_text_color__hover_enabled=\u00a0\u00bboff\u00a0\u00bb button_border_width__hover_enabled=\u00a0\u00bboff\u00a0\u00bb button_one_border_width__hover_enabled=\u00a0\u00bboff\u00a0\u00bb button_two_border_width__hover_enabled=\u00a0\u00bboff\u00a0\u00bb button_border_color__hover_enabled=\u00a0\u00bboff\u00a0\u00bb button_one_border_color__hover_enabled=\u00a0\u00bboff\u00a0\u00bb button_two_border_color__hover_enabled=\u00a0\u00bboff\u00a0\u00bb button_border_radius__hover_enabled=\u00a0\u00bboff\u00a0\u00bb button_one_border_radius__hover_enabled=\u00a0\u00bboff\u00a0\u00bb button_two_border_radius__hover_enabled=\u00a0\u00bboff\u00a0\u00bb button_letter_spacing__hover_enabled=\u00a0\u00bboff\u00a0\u00bb button_one_letter_spacing__hover_enabled=\u00a0\u00bboff\u00a0\u00bb button_two_letter_spacing__hover_enabled=\u00a0\u00bboff\u00a0\u00bb button_bg_color__hover_enabled=\u00a0\u00bboff\u00a0\u00bb button_one_bg_color__hover_enabled=\u00a0\u00bboff\u00a0\u00bb button_two_bg_color__hover_enabled=\u00a0\u00bboff\u00a0\u00bb][\/et_pb_contact_field][et_pb_contact_field field_id=\u00a0\u00bbMessage\u00a0\u00bb field_title=\u00a0\u00bbUne question ? Une remarque ?\u00a0\u00bb field_type=\u00a0\u00bbtext\u00a0\u00bb fullwidth_field=\u00a0\u00bbon\u00a0\u00bb _builder_version=\u00a0\u00bb4.23&Prime; global_colors_info=\u00a0\u00bb{}\u00a0\u00bb button_text_size__hover_enabled=\u00a0\u00bboff\u00a0\u00bb button_one_text_size__hover_enabled=\u00a0\u00bboff\u00a0\u00bb button_two_text_size__hover_enabled=\u00a0\u00bboff\u00a0\u00bb button_text_color__hover_enabled=\u00a0\u00bboff\u00a0\u00bb button_one_text_color__hover_enabled=\u00a0\u00bboff\u00a0\u00bb button_two_text_color__hover_enabled=\u00a0\u00bboff\u00a0\u00bb button_border_width__hover_enabled=\u00a0\u00bboff\u00a0\u00bb button_one_border_width__hover_enabled=\u00a0\u00bboff\u00a0\u00bb button_two_border_width__hover_enabled=\u00a0\u00bboff\u00a0\u00bb button_border_color__hover_enabled=\u00a0\u00bboff\u00a0\u00bb button_one_border_color__hover_enabled=\u00a0\u00bboff\u00a0\u00bb button_two_border_color__hover_enabled=\u00a0\u00bboff\u00a0\u00bb button_border_radius__hover_enabled=\u00a0\u00bboff\u00a0\u00bb button_one_border_radius__hover_enabled=\u00a0\u00bboff\u00a0\u00bb button_two_border_radius__hover_enabled=\u00a0\u00bboff\u00a0\u00bb button_letter_spacing__hover_enabled=\u00a0\u00bboff\u00a0\u00bb button_one_letter_spacing__hover_enabled=\u00a0\u00bboff\u00a0\u00bb button_two_letter_spacing__hover_enabled=\u00a0\u00bboff\u00a0\u00bb button_bg_color__hover_enabled=\u00a0\u00bboff\u00a0\u00bb button_one_bg_color__hover_enabled=\u00a0\u00bboff\u00a0\u00bb button_two_bg_color__hover_enabled=\u00a0\u00bboff\u00a0\u00bb][\/et_pb_contact_field][\/et_pb_contact_form][\/et_pb_column][et_pb_column type=\u00a0\u00bb1_3&Prime; _builder_version=\u00a0\u00bb4.16&Prime; custom_padding=\u00a0\u00bb|||6%\u00a0\u00bb custom_padding_tablet=\u00a0\u00bb0px|||\u00a0\u00bb custom_padding_last_edited=\u00a0\u00bboff|desktop\u00a0\u00bb global_colors_info=\u00a0\u00bb{}\u00a0\u00bb custom_padding__hover=\u00a0\u00bb|||\u00a0\u00bb][et_pb_text admin_label=\u00a0\u00bbTitle &#038; Paragraph\u00a0\u00bb _builder_version=\u00a0\u00bb4.23&Prime; text_font=\u00a0\u00bbPoppins||||||||\u00a0\u00bb text_line_height=\u00a0\u00bb1.8em\u00a0\u00bb link_font=\u00a0\u00bb||||||||\u00a0\u00bb link_text_color=\u00a0\u00bb#f28560&Prime; ul_font=\u00a0\u00bb||||||||\u00a0\u00bb header_font=\u00a0\u00bb||||||||\u00a0\u00bb header_2_font=\u00a0\u00bb||||||||\u00a0\u00bb header_3_font=\u00a0\u00bbCormorant Garamond||||||||\u00a0\u00bb header_3_font_size=\u00a0\u00bb45px\u00a0\u00bb header_3_line_height=\u00a0\u00bb1.5em\u00a0\u00bb header_4_font=\u00a0\u00bb||||||||\u00a0\u00bb max_width_tablet=\u00a0\u00bb100%\u00a0\u00bb max_width_phone=\u00a0\u00bb100%\u00a0\u00bb max_width_last_edited=\u00a0\u00bbon|desktop\u00a0\u00bb module_alignment=\u00a0\u00bbright\u00a0\u00bb custom_margin=\u00a0\u00bb|||\u00a0\u00bb global_colors_info=\u00a0\u00bb{}\u00a0\u00bb]<\/p>\n<h3>Infos pratiques<\/h3>\n<p><strong>Quand ?<\/strong> Le lundi 4 mars 2024 \u00e0 18h15<\/p>\n<p><strong>O\u00f9 ?<\/strong> CUT PIZZA, Rue Sainte Beuve 9, 1005 Lausanne<\/p>\n<p><strong>Une question ?<\/strong> Ecris-nous \u00e0<a href=\"mailto:hello@theundietplan.fit\"> hello@theundietplan.fit<\/a><\/p>\n<p>[\/et_pb_text][\/et_pb_column][\/et_pb_row][\/et_pb_section]<\/p>\n","protected":false},"excerpt":{"rendered":"<p>Infos pratiques Quand ? Le lundi 4 mars 2024 \u00e0 18h15 O\u00f9 ? CUT PIZZA, Rue Sainte Beuve 9, 1005 Lausanne Une question ? Ecris-nous \u00e0 hello@theundietplan.fit<\/p>\n","protected":false},"author":1,"featured_media":605,"parent":0,"menu_order":0,"comment_status":"closed","ping_status":"closed","template":"","meta":{"_et_pb_use_builder":"on","_et_pb_old_content":"","_et_gb_content_width":"","footnotes":""},"class_list":["post-615","page","type-page","status-publish","has-post-thumbnail","hentry"],"yoast_head":"<!-- This site is optimized with the Yoast SEO plugin v26.6 - https:\/\/yoast.com\/wordpress\/plugins\/seo\/ -->\n<title>Workshop nutrition - THE UNDIET PLAN<\/title>\n<meta name=\"robots\" content=\"index, follow, max-snippet:-1, max-image-preview:large, max-video-preview:-1\" \/>\n<link rel=\"canonical\" href=\"https:\/\/theundietplan.fit\/fr\/workshop-nutrition\/\" \/>\n<meta property=\"og:locale\" content=\"fr_FR\" \/>\n<meta property=\"og:type\" content=\"article\" \/>\n<meta property=\"og:title\" content=\"Workshop nutrition - THE UNDIET PLAN\" \/>\n<meta property=\"og:description\" content=\"Infos pratiques Quand ? Le lundi 4 mars 2024 \u00e0 18h15 O\u00f9 ? CUT PIZZA, Rue Sainte Beuve 9, 1005 Lausanne Une question ? Ecris-nous \u00e0 hello@theundietplan.fit\" \/>\n<meta property=\"og:url\" content=\"https:\/\/theundietplan.fit\/fr\/workshop-nutrition\/\" \/>\n<meta property=\"og:site_name\" content=\"THE UNDIET PLAN\" \/>\n<meta property=\"article:publisher\" content=\"https:\/\/www.facebook.com\/p\/The-Undiet-Plan-61558780589761\/\" \/>\n<meta property=\"article:modified_time\" content=\"2024-02-21T13:37:41+00:00\" \/>\n<meta property=\"og:image\" content=\"https:\/\/theundietplan.fit\/wp-content\/uploads\/2024\/02\/Marylin_CutPizza_March2024.png\" \/>\n\t<meta property=\"og:image:width\" content=\"870\" \/>\n\t<meta property=\"og:image:height\" content=\"886\" \/>\n\t<meta property=\"og:image:type\" content=\"image\/png\" \/>\n<meta name=\"twitter:card\" content=\"summary_large_image\" \/>\n<script type=\"application\/ld+json\" class=\"yoast-schema-graph\">{\"@context\":\"https:\/\/schema.org\",\"@graph\":[{\"@type\":\"WebPage\",\"@id\":\"https:\/\/theundietplan.fit\/fr\/workshop-nutrition\/\",\"url\":\"https:\/\/theundietplan.fit\/fr\/workshop-nutrition\/\",\"name\":\"Workshop nutrition - THE UNDIET PLAN\",\"isPartOf\":{\"@id\":\"https:\/\/theundietplan.fit\/fr\/#website\"},\"primaryImageOfPage\":{\"@id\":\"https:\/\/theundietplan.fit\/fr\/workshop-nutrition\/#primaryimage\"},\"image\":{\"@id\":\"https:\/\/theundietplan.fit\/fr\/workshop-nutrition\/#primaryimage\"},\"thumbnailUrl\":\"https:\/\/theundietplan.fit\/wp-content\/uploads\/2024\/02\/Marylin_CutPizza_March2024.webp\",\"datePublished\":\"2024-02-21T13:35:38+00:00\",\"dateModified\":\"2024-02-21T13:37:41+00:00\",\"breadcrumb\":{\"@id\":\"https:\/\/theundietplan.fit\/fr\/workshop-nutrition\/#breadcrumb\"},\"inLanguage\":\"fr-FR\",\"potentialAction\":[{\"@type\":\"ReadAction\",\"target\":[\"https:\/\/theundietplan.fit\/fr\/workshop-nutrition\/\"]}]},{\"@type\":\"ImageObject\",\"inLanguage\":\"fr-FR\",\"@id\":\"https:\/\/theundietplan.fit\/fr\/workshop-nutrition\/#primaryimage\",\"url\":\"https:\/\/theundietplan.fit\/wp-content\/uploads\/2024\/02\/Marylin_CutPizza_March2024.webp\",\"contentUrl\":\"https:\/\/theundietplan.fit\/wp-content\/uploads\/2024\/02\/Marylin_CutPizza_March2024.webp\",\"width\":870,\"height\":886},{\"@type\":\"BreadcrumbList\",\"@id\":\"https:\/\/theundietplan.fit\/fr\/workshop-nutrition\/#breadcrumb\",\"itemListElement\":[{\"@type\":\"ListItem\",\"position\":1,\"name\":\"Home\",\"item\":\"https:\/\/theundietplan.fit\/fr\/\"},{\"@type\":\"ListItem\",\"position\":2,\"name\":\"Workshop nutrition\"}]},{\"@type\":\"WebSite\",\"@id\":\"https:\/\/theundietplan.fit\/fr\/#website\",\"url\":\"https:\/\/theundietplan.fit\/fr\/\",\"name\":\"THE UNDIET PLAN\",\"description\":\"R\u00e9\u00e9quilibrage alimentaire\",\"publisher\":{\"@id\":\"https:\/\/theundietplan.fit\/fr\/#organization\"},\"potentialAction\":[{\"@type\":\"SearchAction\",\"target\":{\"@type\":\"EntryPoint\",\"urlTemplate\":\"https:\/\/theundietplan.fit\/fr\/?s={search_term_string}\"},\"query-input\":{\"@type\":\"PropertyValueSpecification\",\"valueRequired\":true,\"valueName\":\"search_term_string\"}}],\"inLanguage\":\"fr-FR\"},{\"@type\":\"Organization\",\"@id\":\"https:\/\/theundietplan.fit\/fr\/#organization\",\"name\":\"THE UNDIET PLAN\",\"url\":\"https:\/\/theundietplan.fit\/fr\/\",\"logo\":{\"@type\":\"ImageObject\",\"inLanguage\":\"fr-FR\",\"@id\":\"https:\/\/theundietplan.fit\/fr\/#\/schema\/logo\/image\/\",\"url\":\"https:\/\/theundietplan.fit\/wp-content\/uploads\/2024\/07\/cropped-TheUndietPlan_Logo_512x512-B.png\",\"contentUrl\":\"https:\/\/theundietplan.fit\/wp-content\/uploads\/2024\/07\/cropped-TheUndietPlan_Logo_512x512-B.png\",\"width\":512,\"height\":512,\"caption\":\"THE UNDIET PLAN\"},\"image\":{\"@id\":\"https:\/\/theundietplan.fit\/fr\/#\/schema\/logo\/image\/\"},\"sameAs\":[\"https:\/\/www.facebook.com\/p\/The-Undiet-Plan-61558780589761\/\",\"https:\/\/www.instagram.com\/theundietplan\/\"]}]}<\/script>\n<!-- \/ Yoast SEO plugin. -->","yoast_head_json":{"title":"Workshop nutrition - THE UNDIET PLAN","robots":{"index":"index","follow":"follow","max-snippet":"max-snippet:-1","max-image-preview":"max-image-preview:large","max-video-preview":"max-video-preview:-1"},"canonical":"https:\/\/theundietplan.fit\/fr\/workshop-nutrition\/","og_locale":"fr_FR","og_type":"article","og_title":"Workshop nutrition - THE UNDIET PLAN","og_description":"Infos pratiques Quand ? Le lundi 4 mars 2024 \u00e0 18h15 O\u00f9 ? CUT PIZZA, Rue Sainte Beuve 9, 1005 Lausanne Une question ? Ecris-nous \u00e0 hello@theundietplan.fit","og_url":"https:\/\/theundietplan.fit\/fr\/workshop-nutrition\/","og_site_name":"THE UNDIET PLAN","article_publisher":"https:\/\/www.facebook.com\/p\/The-Undiet-Plan-61558780589761\/","article_modified_time":"2024-02-21T13:37:41+00:00","og_image":[{"width":870,"height":886,"url":"https:\/\/theundietplan.fit\/wp-content\/uploads\/2024\/02\/Marylin_CutPizza_March2024.png","type":"image\/png"}],"twitter_card":"summary_large_image","schema":{"@context":"https:\/\/schema.org","@graph":[{"@type":"WebPage","@id":"https:\/\/theundietplan.fit\/fr\/workshop-nutrition\/","url":"https:\/\/theundietplan.fit\/fr\/workshop-nutrition\/","name":"Workshop nutrition - THE UNDIET PLAN","isPartOf":{"@id":"https:\/\/theundietplan.fit\/fr\/#website"},"primaryImageOfPage":{"@id":"https:\/\/theundietplan.fit\/fr\/workshop-nutrition\/#primaryimage"},"image":{"@id":"https:\/\/theundietplan.fit\/fr\/workshop-nutrition\/#primaryimage"},"thumbnailUrl":"https:\/\/theundietplan.fit\/wp-content\/uploads\/2024\/02\/Marylin_CutPizza_March2024.webp","datePublished":"2024-02-21T13:35:38+00:00","dateModified":"2024-02-21T13:37:41+00:00","breadcrumb":{"@id":"https:\/\/theundietplan.fit\/fr\/workshop-nutrition\/#breadcrumb"},"inLanguage":"fr-FR","potentialAction":[{"@type":"ReadAction","target":["https:\/\/theundietplan.fit\/fr\/workshop-nutrition\/"]}]},{"@type":"ImageObject","inLanguage":"fr-FR","@id":"https:\/\/theundietplan.fit\/fr\/workshop-nutrition\/#primaryimage","url":"https:\/\/theundietplan.fit\/wp-content\/uploads\/2024\/02\/Marylin_CutPizza_March2024.webp","contentUrl":"https:\/\/theundietplan.fit\/wp-content\/uploads\/2024\/02\/Marylin_CutPizza_March2024.webp","width":870,"height":886},{"@type":"BreadcrumbList","@id":"https:\/\/theundietplan.fit\/fr\/workshop-nutrition\/#breadcrumb","itemListElement":[{"@type":"ListItem","position":1,"name":"Home","item":"https:\/\/theundietplan.fit\/fr\/"},{"@type":"ListItem","position":2,"name":"Workshop nutrition"}]},{"@type":"WebSite","@id":"https:\/\/theundietplan.fit\/fr\/#website","url":"https:\/\/theundietplan.fit\/fr\/","name":"THE UNDIET PLAN","description":"R\u00e9\u00e9quilibrage alimentaire","publisher":{"@id":"https:\/\/theundietplan.fit\/fr\/#organization"},"potentialAction":[{"@type":"SearchAction","target":{"@type":"EntryPoint","urlTemplate":"https:\/\/theundietplan.fit\/fr\/?s={search_term_string}"},"query-input":{"@type":"PropertyValueSpecification","valueRequired":true,"valueName":"search_term_string"}}],"inLanguage":"fr-FR"},{"@type":"Organization","@id":"https:\/\/theundietplan.fit\/fr\/#organization","name":"THE UNDIET PLAN","url":"https:\/\/theundietplan.fit\/fr\/","logo":{"@type":"ImageObject","inLanguage":"fr-FR","@id":"https:\/\/theundietplan.fit\/fr\/#\/schema\/logo\/image\/","url":"https:\/\/theundietplan.fit\/wp-content\/uploads\/2024\/07\/cropped-TheUndietPlan_Logo_512x512-B.png","contentUrl":"https:\/\/theundietplan.fit\/wp-content\/uploads\/2024\/07\/cropped-TheUndietPlan_Logo_512x512-B.png","width":512,"height":512,"caption":"THE UNDIET PLAN"},"image":{"@id":"https:\/\/theundietplan.fit\/fr\/#\/schema\/logo\/image\/"},"sameAs":["https:\/\/www.facebook.com\/p\/The-Undiet-Plan-61558780589761\/","https:\/\/www.instagram.com\/theundietplan\/"]}]}},"jetpack_sharing_enabled":true,"_links":{"self":[{"href":"https:\/\/theundietplan.fit\/fr\/wp-json\/wp\/v2\/pages\/615","targetHints":{"allow":["GET"]}}],"collection":[{"href":"https:\/\/theundietplan.fit\/fr\/wp-json\/wp\/v2\/pages"}],"about":[{"href":"https:\/\/theundietplan.fit\/fr\/wp-json\/wp\/v2\/types\/page"}],"author":[{"embeddable":true,"href":"https:\/\/theundietplan.fit\/fr\/wp-json\/wp\/v2\/users\/1"}],"replies":[{"embeddable":true,"href":"https:\/\/theundietplan.fit\/fr\/wp-json\/wp\/v2\/comments?post=615"}],"version-history":[{"count":0,"href":"https:\/\/theundietplan.fit\/fr\/wp-json\/wp\/v2\/pages\/615\/revisions"}],"wp:featuredmedia":[{"embeddable":true,"href":"https:\/\/theundietplan.fit\/fr\/wp-json\/wp\/v2\/media\/605"}],"wp:attachment":[{"href":"https:\/\/theundietplan.fit\/fr\/wp-json\/wp\/v2\/media?parent=615"}],"curies":[{"name":"wp","href":"https:\/\/api.w.org\/{rel}","templated":true}]}}